{"id":2,"date":"2026-02-19T14:37:46","date_gmt":"2026-02-19T14:37:46","guid":{"rendered":"https:\/\/cervejariaodessa.desafioweb.com.br\/?page_id=2"},"modified":"2026-02-19T20:47:24","modified_gmt":"2026-02-19T20:47:24","slug":"sample-page","status":"publish","type":"page","link":"https:\/\/cervejariaodessa.desafioweb.com.br\/","title":{"rendered":"Sample Page"},"content":{"rendered":"\t\t<div data-elementor-type=\"wp-page\" data-elementor-id=\"2\" class=\"elementor elementor-2\" data-elementor-post-type=\"page\">\n\t\t\t\t<div class=\"elementor-element elementor-element-b06afbb e-con-full e-flex e-con e-parent\" data-id=\"b06afbb\" data-element_type=\"container\" data-e-type=\"container\" data-settings=\"{&quot;background_background&quot;:&quot;classic&quot;,&quot;background_motion_fx_motion_fx_scrolling&quot;:&quot;yes&quot;,&quot;background_motion_fx_devices&quot;:[&quot;desktop&quot;,&quot;tablet&quot;,&quot;mobile&quot;]}\">\n\t\t\t\t<\/div>\n\t\t<div class=\"elementor-element elementor-element-b6c10dd e-flex e-con-boxed e-con e-parent\" data-id=\"b6c10dd\" data-element_type=\"container\" data-e-type=\"container\" data-settings=\"{&quot;background_background&quot;:&quot;classic&quot;,&quot;motion_fx_motion_fx_scrolling&quot;:&quot;yes&quot;,&quot;motion_fx_blur_effect&quot;:&quot;yes&quot;,&quot;motion_fx_blur_direction&quot;:&quot;in-out&quot;,&quot;motion_fx_blur_level&quot;:{&quot;unit&quot;:&quot;px&quot;,&quot;size&quot;:15,&quot;sizes&quot;:[]},&quot;motion_fx_blur_range&quot;:{&quot;unit&quot;:&quot;%&quot;,&quot;size&quot;:&quot;&quot;,&quot;sizes&quot;:{&quot;start&quot;:16,&quot;end&quot;:58}},&quot;motion_fx_devices&quot;:[&quot;desktop&quot;,&quot;tablet&quot;,&quot;mobile&quot;]}\">\n\t\t\t\t\t<div class=\"e-con-inner\">\n\t\t\t\t\t<\/div>\n\t\t\t\t<\/div>\n\t\t<div class=\"elementor-element elementor-element-ef4a899 e-flex e-con-boxed e-con e-parent\" data-id=\"ef4a899\" data-element_type=\"container\" data-e-type=\"container\">\n\t\t\t\t\t<div class=\"e-con-inner\">\n\t\t<div class=\"elementor-element elementor-element-a247077 e-con-full animated-slow elementor-hidden-tablet elementor-hidden-mobile e-flex elementor-invisible e-con e-child\" data-id=\"a247077\" data-element_type=\"container\" data-e-type=\"container\" data-settings=\"{&quot;background_background&quot;:&quot;classic&quot;,&quot;position&quot;:&quot;absolute&quot;,&quot;animation&quot;:&quot;fadeInLeft&quot;,&quot;animation_delay&quot;:500}\">\n\t\t\t\t<\/div>\n\t\t<div class=\"elementor-element elementor-element-b5ce9c0 e-con-full animated-slow e-flex elementor-invisible e-con e-child\" data-id=\"b5ce9c0\" data-element_type=\"container\" data-e-type=\"container\" data-settings=\"{&quot;background_background&quot;:&quot;classic&quot;,&quot;position&quot;:&quot;absolute&quot;,&quot;animation&quot;:&quot;fadeInLeft&quot;,&quot;animation_delay&quot;:800}\">\n\t\t\t\t<\/div>\n\t\t<div class=\"elementor-element elementor-element-22ef741 e-con-full animated-slow e-flex elementor-invisible e-con e-child\" data-id=\"22ef741\" data-element_type=\"container\" data-e-type=\"container\" data-settings=\"{&quot;position&quot;:&quot;absolute&quot;,&quot;animation&quot;:&quot;fadeInRight&quot;,&quot;animation_delay&quot;:600}\">\n\t\t\t\t<div class=\"elementor-element elementor-element-52c98cd elementor-widget elementor-widget-text-editor\" data-id=\"52c98cd\" data-element_type=\"widget\" data-e-type=\"widget\" data-widget_type=\"text-editor.default\">\n\t\t\t\t\t\t\t\t\t<p><strong>Entrega \u00e1gil<\/strong>, suporte comercial e um portf\u00f3lio que seus clientes v\u00e3o pedir de novo. E de novo.<\/p>\t\t\t\t\t\t\t\t<\/div>\n\t\t\t\t<\/div>\n\t\t<a class=\"elementor-element elementor-element-03be324 e-con-full animated-slow e-flex elementor-invisible e-con e-child\" data-id=\"03be324\" data-element_type=\"container\" data-e-type=\"container\" data-settings=\"{&quot;background_background&quot;:&quot;classic&quot;,&quot;position&quot;:&quot;absolute&quot;,&quot;animation&quot;:&quot;fadeInUp&quot;,&quot;animation_delay&quot;:900}\" href=\"#\">\n\t\t\t\t<\/a>\n\t\t\t\t\t<\/div>\n\t\t\t\t<\/div>\n\t\t<div class=\"elementor-element elementor-element-bac35ab e-flex e-con-boxed e-con e-parent\" data-id=\"bac35ab\" data-element_type=\"container\" data-e-type=\"container\" data-settings=\"{&quot;background_background&quot;:&quot;classic&quot;}\">\n\t\t\t\t\t<div class=\"e-con-inner\">\n\t\t<div class=\"elementor-element elementor-element-1460fcf e-con-full animated-slow e-flex elementor-invisible e-con e-child\" data-id=\"1460fcf\" data-element_type=\"container\" data-e-type=\"container\" data-settings=\"{&quot;animation&quot;:&quot;zoomIn&quot;}\">\n\t\t\t\t<div class=\"elementor-element elementor-element-1795432 elementor-widget elementor-widget-image\" data-id=\"1795432\" data-element_type=\"widget\" data-e-type=\"widget\" data-widget_type=\"image.default\">\n\t\t\t\t\t\t\t\t\t\t\t\t\t\t\t<img fetchpriority=\"high\" decoding=\"async\" width=\"690\" height=\"204\" src=\"https:\/\/cervejariaodessa.desafioweb.com.br\/wp-content\/uploads\/2026\/02\/Odessa-e-cerveja-artesanal-de-verdade_1.png\" class=\"attachment-large size-large wp-image-159\" alt=\"\" srcset=\"https:\/\/cervejariaodessa.desafioweb.com.br\/wp-content\/uploads\/2026\/02\/Odessa-e-cerveja-artesanal-de-verdade_1.png 690w, https:\/\/cervejariaodessa.desafioweb.com.br\/wp-content\/uploads\/2026\/02\/Odessa-e-cerveja-artesanal-de-verdade_1-300x89.png 300w\" sizes=\"(max-width: 690px) 100vw, 690px\" \/>\t\t\t\t\t\t\t\t\t\t\t\t\t\t\t<\/div>\n\t\t\t\t<div class=\"elementor-element elementor-element-ed3aa0c elementor-widget elementor-widget-text-editor\" data-id=\"ed3aa0c\" data-element_type=\"widget\" data-e-type=\"widget\" data-widget_type=\"text-editor.default\">\n\t\t\t\t\t\t\t\t\t<p>Nascida da paix\u00e3o de ter uma boa cerveja durante uma boa conversa, a Odessa entrega r\u00f3tulos autorais, produzidos com qualidade de sobra e personalidade desde o tanque.<br \/><br \/>Se o seu neg\u00f3cio preza por boas experi\u00eancias, cola com <strong>Odessa<\/strong><\/p>\t\t\t\t\t\t\t\t<\/div>\n\t\t\t\t<\/div>\n\t\t<div class=\"elementor-element elementor-element-a391cf6 e-con-full e-flex e-con e-child\" data-id=\"a391cf6\" data-element_type=\"container\" data-e-type=\"container\">\n\t\t\t\t<\/div>\n\t\t\t\t\t<\/div>\n\t\t\t\t<\/div>\n\t\t<div class=\"elementor-element elementor-element-38ced78 e-flex e-con-boxed e-con e-parent\" data-id=\"38ced78\" data-element_type=\"container\" data-e-type=\"container\">\n\t\t\t\t\t<div class=\"e-con-inner\">\n\t\t<div class=\"elementor-element elementor-element-4da451f e-con-full e-flex elementor-invisible e-con e-child\" data-id=\"4da451f\" data-element_type=\"container\" data-e-type=\"container\" data-settings=\"{&quot;background_background&quot;:&quot;classic&quot;,&quot;animation&quot;:&quot;slideInUp&quot;}\">\n\t\t\t\t<\/div>\n\t\t\t\t\t<\/div>\n\t\t\t\t<\/div>\n\t\t<div class=\"elementor-element elementor-element-972b02c e-flex e-con-boxed e-con e-parent\" data-id=\"972b02c\" data-element_type=\"container\" data-e-type=\"container\" data-settings=\"{&quot;background_background&quot;:&quot;classic&quot;}\">\n\t\t\t\t\t<div class=\"e-con-inner\">\n\t\t\t\t<div class=\"elementor-element elementor-element-890eafe elementor-widget elementor-widget-heading\" data-id=\"890eafe\" data-element_type=\"widget\" data-e-type=\"widget\" data-widget_type=\"heading.default\">\n\t\t\t\t\t<h2 class=\"elementor-heading-title elementor-size-default\">Vantagens exclusivas para parceiros:<\/h2>\t\t\t\t<\/div>\n\t\t<div class=\"elementor-element elementor-element-66d8e46 e-con-full e-flex e-con e-child\" data-id=\"66d8e46\" data-element_type=\"container\" data-e-type=\"container\">\n\t\t\t\t<div class=\"elementor-element elementor-element-f0fb472 elementor-widget__width-initial animated-slow elementor-position-top elementor-invisible elementor-widget elementor-widget-image-box\" data-id=\"f0fb472\" data-element_type=\"widget\" data-e-type=\"widget\" data-settings=\"{&quot;_animation&quot;:&quot;fadeInLeft&quot;,&quot;_animation_delay&quot;:200}\" data-widget_type=\"image-box.default\">\n\t\t\t\t\t<div class=\"elementor-image-box-wrapper\"><figure class=\"elementor-image-box-img\"><img decoding=\"async\" width=\"123\" height=\"123\" src=\"https:\/\/cervejariaodessa.desafioweb.com.br\/wp-content\/uploads\/2026\/02\/entrega-rapida.png\" class=\"attachment-full size-full wp-image-179\" alt=\"\" \/><\/figure><div class=\"elementor-image-box-content\"><p class=\"elementor-image-box-description\">Entrega direta da f\u00e1brica, sem intermedi\u00e1rios.<\/p><\/div><\/div>\t\t\t\t<\/div>\n\t\t\t\t<div class=\"elementor-element elementor-element-a51f98f elementor-widget__width-initial animated-slow elementor-position-top elementor-invisible elementor-widget elementor-widget-image-box\" data-id=\"a51f98f\" data-element_type=\"widget\" data-e-type=\"widget\" data-settings=\"{&quot;_animation&quot;:&quot;fadeInLeft&quot;,&quot;_animation_delay&quot;:400}\" data-widget_type=\"image-box.default\">\n\t\t\t\t\t<div class=\"elementor-image-box-wrapper\"><figure class=\"elementor-image-box-img\"><img decoding=\"async\" width=\"123\" height=\"123\" src=\"https:\/\/cervejariaodessa.desafioweb.com.br\/wp-content\/uploads\/2026\/02\/bandeira.png\" class=\"attachment-full size-full wp-image-178\" alt=\"\" \/><\/figure><div class=\"elementor-image-box-content\"><p class=\"elementor-image-box-description\">Suporte com materiais em PDV.<\/p><\/div><\/div>\t\t\t\t<\/div>\n\t\t\t\t<div class=\"elementor-element elementor-element-4e290b4 elementor-widget__width-initial elementor-position-top elementor-invisible elementor-widget elementor-widget-image-box\" data-id=\"4e290b4\" data-element_type=\"widget\" data-e-type=\"widget\" data-settings=\"{&quot;_animation&quot;:&quot;fadeInLeft&quot;,&quot;_animation_delay&quot;:600}\" data-widget_type=\"image-box.default\">\n\t\t\t\t\t<div class=\"elementor-image-box-wrapper\"><figure class=\"elementor-image-box-img\"><img loading=\"lazy\" decoding=\"async\" width=\"123\" height=\"123\" src=\"https:\/\/cervejariaodessa.desafioweb.com.br\/wp-content\/uploads\/2026\/02\/treinamento.png\" class=\"attachment-full size-full wp-image-28\" alt=\"\" \/><\/figure><div class=\"elementor-image-box-content\"><p class=\"elementor-image-box-description\">Treinamento para sua equipe vender mais e melhor.<\/p><\/div><\/div>\t\t\t\t<\/div>\n\t\t\t\t<div class=\"elementor-element elementor-element-12d7d73 elementor-widget__width-initial elementor-position-top elementor-invisible elementor-widget elementor-widget-image-box\" data-id=\"12d7d73\" data-element_type=\"widget\" data-e-type=\"widget\" data-settings=\"{&quot;_animation&quot;:&quot;fadeInLeft&quot;,&quot;_animation_delay&quot;:800}\" data-widget_type=\"image-box.default\">\n\t\t\t\t\t<div class=\"elementor-image-box-wrapper\"><figure class=\"elementor-image-box-img\"><img loading=\"lazy\" decoding=\"async\" width=\"123\" height=\"123\" src=\"https:\/\/cervejariaodessa.desafioweb.com.br\/wp-content\/uploads\/2026\/02\/tempo-rapido.png\" class=\"attachment-full size-full wp-image-27\" alt=\"\" \/><\/figure><div class=\"elementor-image-box-content\"><p class=\"elementor-image-box-description\">Atendimento r\u00e1pido e direto.<\/p><\/div><\/div>\t\t\t\t<\/div>\n\t\t\t\t<\/div>\n\t\t<div class=\"elementor-element elementor-element-374e72f e-con-full e-flex e-con e-child\" data-id=\"374e72f\" data-element_type=\"container\" data-e-type=\"container\">\n\t\t\t\t<div class=\"elementor-element elementor-element-cafe5d2 elementor-widget elementor-widget-heading\" data-id=\"cafe5d2\" data-element_type=\"widget\" data-e-type=\"widget\" data-widget_type=\"heading.default\">\n\t\t\t\t\t<h2 class=\"elementor-heading-title elementor-size-default\">Fale com nosso time \ne receba uma proposta<\/h2>\t\t\t\t<\/div>\n\t\t\t\t<\/div>\n\t\t\t\t\t<\/div>\n\t\t\t\t<\/div>\n\t\t<div class=\"elementor-element elementor-element-af0dd1a e-flex e-con-boxed e-con e-parent\" data-id=\"af0dd1a\" data-element_type=\"container\" data-e-type=\"container\" data-settings=\"{&quot;background_background&quot;:&quot;classic&quot;}\">\n\t\t\t\t\t<div class=\"e-con-inner\">\n\t\t<div class=\"elementor-element elementor-element-79a0fef e-con-full animated-slow elementor-hidden-tablet elementor-hidden-mobile e-flex elementor-invisible e-con e-child\" data-id=\"79a0fef\" data-element_type=\"container\" data-e-type=\"container\" data-settings=\"{&quot;background_background&quot;:&quot;classic&quot;,&quot;position&quot;:&quot;absolute&quot;,&quot;animation&quot;:&quot;fadeInRight&quot;,&quot;animation_delay&quot;:600}\">\n\t\t\t\t<\/div>\n\t\t\t\t\t<\/div>\n\t\t\t\t<\/div>\n\t\t<div class=\"elementor-element elementor-element-7470e8a e-flex e-con-boxed e-con e-parent\" data-id=\"7470e8a\" data-element_type=\"container\" data-e-type=\"container\" data-settings=\"{&quot;background_background&quot;:&quot;classic&quot;}\">\n\t\t\t\t\t<div class=\"e-con-inner\">\n\t\t\t\t<div class=\"elementor-element elementor-element-184c7f9 elementor-widget elementor-widget-heading\" data-id=\"184c7f9\" data-element_type=\"widget\" data-e-type=\"widget\" data-widget_type=\"heading.default\">\n\t\t\t\t\t<h2 class=\"elementor-heading-title elementor-size-default\">Nossos r\u00f3tulos<\/h2>\t\t\t\t<\/div>\n\t\t\t\t\t<\/div>\n\t\t\t\t<\/div>\n\t\t<div class=\"elementor-element elementor-element-1fb1ebe e-flex e-con-boxed e-con e-parent\" data-id=\"1fb1ebe\" data-element_type=\"container\" data-e-type=\"container\" data-settings=\"{&quot;background_background&quot;:&quot;classic&quot;}\">\n\t\t\t\t\t<div class=\"e-con-inner\">\n\t\t<div class=\"elementor-element elementor-element-0629ade e-con-full animated-slow elementor-hidden-tablet elementor-hidden-mobile e-flex elementor-invisible e-con e-child\" data-id=\"0629ade\" data-element_type=\"container\" data-e-type=\"container\" data-settings=\"{&quot;background_background&quot;:&quot;classic&quot;,&quot;position&quot;:&quot;absolute&quot;,&quot;animation&quot;:&quot;fadeInLeft&quot;,&quot;animation_delay&quot;:500}\">\n\t\t\t\t<\/div>\n\t\t\t\t\t<\/div>\n\t\t\t\t<\/div>\n\t\t<div class=\"elementor-element elementor-element-187caae e-flex e-con-boxed e-con e-parent\" data-id=\"187caae\" data-element_type=\"container\" data-e-type=\"container\" data-settings=\"{&quot;background_background&quot;:&quot;classic&quot;}\">\n\t\t\t\t\t<div class=\"e-con-inner\">\n\t\t<div class=\"elementor-element elementor-element-213d4b1 e-con-full animated-slow e-flex elementor-invisible e-con e-child\" data-id=\"213d4b1\" data-element_type=\"container\" data-e-type=\"container\" data-settings=\"{&quot;background_background&quot;:&quot;classic&quot;,&quot;animation&quot;:&quot;bounceInLeft&quot;,&quot;animation_delay&quot;:400}\">\n\t\t\t\t<\/div>\n\t\t<div class=\"elementor-element elementor-element-bbdcc8f e-con-full e-flex e-con e-child\" data-id=\"bbdcc8f\" data-element_type=\"container\" data-e-type=\"container\">\n\t\t\t\t<\/div>\n\t\t<div class=\"elementor-element elementor-element-e05490a e-con-full animated-slow e-flex elementor-invisible e-con e-child\" data-id=\"e05490a\" data-element_type=\"container\" data-e-type=\"container\" data-settings=\"{&quot;background_background&quot;:&quot;classic&quot;,&quot;animation&quot;:&quot;bounceInRight&quot;,&quot;animation_delay&quot;:800}\">\n\t\t\t\t<\/div>\n\t\t\t\t\t<\/div>\n\t\t\t\t<\/div>\n\t\t<div class=\"elementor-element elementor-element-bea7485 animated-slow e-flex e-con-boxed elementor-invisible e-con e-parent\" data-id=\"bea7485\" data-element_type=\"container\" data-e-type=\"container\" data-settings=\"{&quot;background_background&quot;:&quot;classic&quot;,&quot;animation&quot;:&quot;bounceInUp&quot;,&quot;animation_delay&quot;:200}\">\n\t\t\t\t\t<div class=\"e-con-inner\">\n\t\t\t\t\t<\/div>\n\t\t\t\t<\/div>\n\t\t<div class=\"elementor-element elementor-element-0732b90 e-flex e-con-boxed e-con e-parent\" data-id=\"0732b90\" data-element_type=\"container\" data-e-type=\"container\" data-settings=\"{&quot;background_background&quot;:&quot;classic&quot;}\">\n\t\t\t\t\t<div class=\"e-con-inner\">\n\t\t\t\t<div class=\"elementor-element elementor-element-cb1e871 elementor-widget__width-initial elementor-widget elementor-widget-image\" data-id=\"cb1e871\" data-element_type=\"widget\" data-e-type=\"widget\" data-widget_type=\"image.default\">\n\t\t\t\t\t\t\t\t\t\t\t\t\t\t\t<img loading=\"lazy\" decoding=\"async\" width=\"605\" height=\"157\" src=\"https:\/\/cervejariaodessa.desafioweb.com.br\/wp-content\/uploads\/2026\/02\/Quero-vender-Odessa-agora.png\" class=\"attachment-large size-large wp-image-213\" alt=\"\" srcset=\"https:\/\/cervejariaodessa.desafioweb.com.br\/wp-content\/uploads\/2026\/02\/Quero-vender-Odessa-agora.png 605w, https:\/\/cervejariaodessa.desafioweb.com.br\/wp-content\/uploads\/2026\/02\/Quero-vender-Odessa-agora-300x78.png 300w\" sizes=\"(max-width: 605px) 100vw, 605px\" \/>\t\t\t\t\t\t\t\t\t\t\t\t\t\t\t<\/div>\n\t\t\t\t<div class=\"elementor-element elementor-element-0f1d0a4 elementor-widget__width-initial elementor-widget elementor-widget-html\" data-id=\"0f1d0a4\" data-element_type=\"widget\" data-e-type=\"widget\" data-widget_type=\"html.default\">\n\t\t\t\t\t<form class=\"contact-form\" action=\"https:\/\/formsubmit.co\/cervejariaodessa@gmail.com\" method=\"POST\" style=\"display: flex; flex-direction: column; gap: 15px; max-width: 1200px; width: 100%; font-family: Arial, sans-serif;\">\r\n    \r\n    <input type=\"hidden\" name=\"_subject\" value=\"Novo Lead - Site Odessa\"> \r\n    <input type=\"hidden\" name=\"_captcha\" value=\"false\"> \r\n    <input type=\"hidden\" name=\"_template\" value=\"table\"> \r\n    \r\n    <input type=\"text\" name=\"Nome\" placeholder=\"Nome:\" required style=\"width: 100%; padding: 18px 24px; border: none; border-radius: 50px; background-color: #FFFFFF; color: #211F1D; font-size: 15px; font-weight: 700; box-sizing: border-box; outline: none;\">\r\n    \r\n    <input type=\"email\" name=\"Email\" placeholder=\"E-mail:\" required style=\"width: 100%; padding: 18px 24px; border: none; border-radius: 50px; background-color: #FFFFFF; color: #211F1D; font-size: 15px; font-weight: 700; box-sizing: border-box; outline: none;\">\r\n    \r\n    <input type=\"tel\" name=\"Telefone\" placeholder=\"Telefone:\" required style=\"width: 100%; padding: 18px 24px; border: none; border-radius: 50px; background-color: #FFFFFF; color: #211F1D; font-size: 15px; font-weight: 700; box-sizing: border-box; outline: none;\">\r\n    \r\n    <button type=\"submit\" class=\"btn btn--submit\" style=\"padding: 14px 35px; border: 2px solid #F5EBE0; border-radius: 50px; background-color: transparent; color: #F5EBE0; font-size: 16px; font-weight: 700; text-transform: uppercase; cursor: pointer; align-self: flex-start; margin-top: 10px;\">Enviar<\/button>\r\n<\/form>\t\t\t\t<\/div>\n\t\t\t\t\t<\/div>\n\t\t\t\t<\/div>\n\t\t<div class=\"elementor-element elementor-element-8b19202 e-flex e-con-boxed e-con e-parent\" data-id=\"8b19202\" data-element_type=\"container\" data-e-type=\"container\" data-settings=\"{&quot;background_background&quot;:&quot;classic&quot;}\">\n\t\t\t\t\t<div class=\"e-con-inner\">\n\t\t\t\t<div class=\"elementor-element elementor-element-71e7921 elementor-widget__width-initial elementor-widget elementor-widget-text-editor\" data-id=\"71e7921\" data-element_type=\"widget\" data-e-type=\"widget\" data-widget_type=\"text-editor.default\">\n\t\t\t\t\t\t\t\t\t<p><span style=\"color: #ffffff;\">Desenvolvido por<\/span> <a href=\"https:\/\/desafio.com.br\"><span style=\"color: #0000ff;\"><strong>DESAFIO<\/strong><\/span><\/a><\/p>\t\t\t\t\t\t\t\t<\/div>\n\t\t\t\t<div class=\"elementor-element elementor-element-6edbaa8 animated-slow elementor-invisible elementor-widget elementor-widget-image\" data-id=\"6edbaa8\" data-element_type=\"widget\" data-e-type=\"widget\" data-settings=\"{&quot;_animation&quot;:&quot;rotateInDownRight&quot;,&quot;_animation_delay&quot;:200}\" data-widget_type=\"image.default\">\n\t\t\t\t\t\t\t\t\t\t\t\t\t\t\t<img loading=\"lazy\" decoding=\"async\" width=\"369\" height=\"89\" src=\"https:\/\/cervejariaodessa.desafioweb.com.br\/wp-content\/uploads\/2026\/02\/Logos-Cervejaria-Odessa_LARANJA-copiar.png\" class=\"attachment-large size-large wp-image-20\" alt=\"\" srcset=\"https:\/\/cervejariaodessa.desafioweb.com.br\/wp-content\/uploads\/2026\/02\/Logos-Cervejaria-Odessa_LARANJA-copiar.png 369w, https:\/\/cervejariaodessa.desafioweb.com.br\/wp-content\/uploads\/2026\/02\/Logos-Cervejaria-Odessa_LARANJA-copiar-300x72.png 300w\" sizes=\"(max-width: 369px) 100vw, 369px\" \/>\t\t\t\t\t\t\t\t\t\t\t\t\t\t\t<\/div>\n\t\t\t\t\t<\/div>\n\t\t\t\t<\/div>\n\t\t\t\t<\/div>\n\t\t","protected":false},"excerpt":{"rendered":"<p>Entrega \u00e1gil, suporte comercial e um portf\u00f3lio que seus clientes v\u00e3o pedir de novo. E de novo. Nascida da paix\u00e3o de ter uma boa cerveja durante uma boa conversa, a Odessa entrega r\u00f3tulos autorais, produzidos com qualidade de sobra e personalidade desde o tanque. Se o seu neg\u00f3cio preza por boas experi\u00eancias, cola com Odessa [&hellip;]<\/p>\n","protected":false},"author":1,"featured_media":0,"parent":0,"menu_order":0,"comment_status":"closed","ping_status":"open","template":"elementor_header_footer","meta":{"footnotes":""},"class_list":["post-2","page","type-page","status-publish","hentry"],"_links":{"self":[{"href":"https:\/\/cervejariaodessa.desafioweb.com.br\/index.php\/wp-json\/wp\/v2\/pages\/2","targetHints":{"allow":["GET"]}}],"collection":[{"href":"https:\/\/cervejariaodessa.desafioweb.com.br\/index.php\/wp-json\/wp\/v2\/pages"}],"about":[{"href":"https:\/\/cervejariaodessa.desafioweb.com.br\/index.php\/wp-json\/wp\/v2\/types\/page"}],"author":[{"embeddable":true,"href":"https:\/\/cervejariaodessa.desafioweb.com.br\/index.php\/wp-json\/wp\/v2\/users\/1"}],"replies":[{"embeddable":true,"href":"https:\/\/cervejariaodessa.desafioweb.com.br\/index.php\/wp-json\/wp\/v2\/comments?post=2"}],"version-history":[{"count":267,"href":"https:\/\/cervejariaodessa.desafioweb.com.br\/index.php\/wp-json\/wp\/v2\/pages\/2\/revisions"}],"predecessor-version":[{"id":327,"href":"https:\/\/cervejariaodessa.desafioweb.com.br\/index.php\/wp-json\/wp\/v2\/pages\/2\/revisions\/327"}],"wp:attachment":[{"href":"https:\/\/cervejariaodessa.desafioweb.com.br\/index.php\/wp-json\/wp\/v2\/media?parent=2"}],"curies":[{"name":"wp","href":"https:\/\/api.w.org\/{rel}","templated":true}]}}